{"id":103,"date":"2021-04-23T19:35:08","date_gmt":"2021-04-23T19:35:08","guid":{"rendered":"https:\/\/btu-bienen.de\/?page_id=103"},"modified":"2025-03-19T08:37:23","modified_gmt":"2025-03-19T08:37:23","slug":"ueber-uns","status":"publish","type":"page","link":"https:\/\/btu-bienen.de\/","title":{"rendered":"\u00dcBER UNS"},"content":{"rendered":"\t\t<div data-elementor-type=\"wp-post\" data-elementor-id=\"103\" class=\"elementor elementor-103\" data-elementor-settings=\"[]\">\n\t\t\t\t\t\t<div class=\"elementor-inner\">\n\t\t\t\t\t\t\t<div class=\"elementor-section-wrap\">\n\t\t\t\t\t\t\t<section class=\"elementor-section elementor-top-section elementor-element elementor-element-838fe19 elementor-section-boxed elementor-section-height-default elementor-section-height-default\" data-id=\"838fe19\" data-element_type=\"section\">\n\t\t\t\t\t\t<div class=\"elementor-container elementor-column-gap-default\">\n\t\t\t\t\t\t\t<div class=\"elementor-row\">\n\t\t\t\t\t<div class=\"elementor-column elementor-col-100 elementor-top-column elementor-element elementor-element-f90c574\" data-id=\"f90c574\" data-element_type=\"column\">\n\t\t\t<div class=\"elementor-column-wrap elementor-element-populated\">\n\t\t\t\t\t\t\t<div class=\"elementor-widget-wrap\">\n\t\t\t\t\t\t<div class=\"elementor-element elementor-element-893383e elementor-widget elementor-widget-text-editor\" data-id=\"893383e\" data-element_type=\"widget\" data-widget_type=\"text-editor.default\">\n\t\t\t\t<div class=\"elementor-widget-container\">\n\t\t\t\t\t\t\t\t<div class=\"elementor-text-editor elementor-clearfix\">\n\t\t\t\t\t<p>Hallo!&nbsp;<\/p>\n<p>Wir freuen uns, dass Du den Weg auf unsere Internetseite gefunden hast!&nbsp;<\/p>\n<p><span style=\"color: var( --e-global-color-text ); font-family: var( --e-global-typography-text-font-family ), Sans-serif; font-weight: var( --e-global-typography-text-font-weight );\">&#8222;Wir&#8220; das ist ein bunter Haufen von Menschen, die eins gemeinsam haben: das Imkern und die Freude an den flauschigen Fl\u00fcglern. Im Jahre 2018 wurde der BTU Bienen e.V. gegr\u00fcndet und wird seitdem von aktiven Mitgliedern am Leben erhalten. Mit dem Verein haben auch einige Bienenv\u00f6lker ihr zu Hause auf dem Zentralcampus gefunden und summen fr\u00f6hlich \u00fcber Cottbuser Blumenwiesen.&nbsp;<\/span><\/p>\n<p><span style=\"color: var( --e-global-color-text ); font-family: var( --e-global-typography-text-font-family ), Sans-serif; font-weight: var( --e-global-typography-text-font-weight );\">Falls auch DU Interesse an unserem Verein hast, z\u00f6gere nicht zu lange und kontaktiere uns einfach per E- Mail: info-beetu@btu-bienen.de<\/span><\/p>\n<p><span style=\"color: var( --e-global-color-text ); font-family: var( --e-global-typography-text-font-family ), Sans-serif; font-weight: var( --e-global-typography-text-font-weight );\">Viel Spa\u00df auf beim St\u00f6bern auf unserer Internetseite!<\/span><\/p>\n<p><span style=\"color: var( --e-global-color-text ); font-family: var( --e-global-typography-text-font-family ), Sans-serif; font-weight: var( --e-global-typography-text-font-weight );\">Eure BTU Bienen<\/span><\/p>\t\t\t\t\t<\/div>\n\t\t\t\t\t\t<\/div>\n\t\t\t\t<\/div>\n\t\t\t\t\t\t<\/div>\n\t\t\t\t\t<\/div>\n\t\t<\/div>\n\t\t\t\t\t\t\t\t<\/div>\n\t\t\t\t\t<\/div>\n\t\t<\/section>\n\t\t\t\t\t\t<\/div>\n\t\t\t\t\t\t<\/div>\n\t\t\t\t\t<\/div>\n\t\t","protected":false},"excerpt":{"rendered":"<p>Hallo! Herzlich Willkommen auf unserer Internetseite &#8211; wir freuen uns sehr, dass Du den Weg zu uns gefunden hast! &#8222;Wir&#8220; das ist ein bunter Haufen von Menschen, die eins gemeinsam haben: das Imkern und die Freude an den flauschigen Fl\u00fcglern. Der BTU Bienen e.V. existiert bereits seit 2018 und wird <a href=\"https:\/\/btu-bienen.de\/\" class=\"btn btn-link continue-link\">Weiterlesen<\/a><\/p>\n","protected":false},"author":1,"featured_media":0,"parent":0,"menu_order":1,"comment_status":"closed","ping_status":"closed","template":"","meta":{"footnotes":""},"class_list":["post-103","page","type-page","status-publish","hentry"],"_links":{"self":[{"href":"https:\/\/btu-bienen.de\/index.php?rest_route=\/wp\/v2\/pages\/103","targetHints":{"allow":["GET"]}}],"collection":[{"href":"https:\/\/btu-bienen.de\/index.php?rest_route=\/wp\/v2\/pages"}],"about":[{"href":"https:\/\/btu-bienen.de\/index.php?rest_route=\/wp\/v2\/types\/page"}],"author":[{"embeddable":true,"href":"https:\/\/btu-bienen.de\/index.php?rest_route=\/wp\/v2\/users\/1"}],"replies":[{"embeddable":true,"href":"https:\/\/btu-bienen.de\/index.php?rest_route=%2Fwp%2Fv2%2Fcomments&post=103"}],"version-history":[{"count":34,"href":"https:\/\/btu-bienen.de\/index.php?rest_route=\/wp\/v2\/pages\/103\/revisions"}],"predecessor-version":[{"id":281,"href":"https:\/\/btu-bienen.de\/index.php?rest_route=\/wp\/v2\/pages\/103\/revisions\/281"}],"wp:attachment":[{"href":"https:\/\/btu-bienen.de\/index.php?rest_route=%2Fwp%2Fv2%2Fmedia&parent=103"}],"curies":[{"name":"wp","href":"https:\/\/api.w.org\/{rel}","templated":true}]}}